{"id":25,"date":"2019-05-10T14:11:38","date_gmt":"2019-05-10T12:11:38","guid":{"rendered":"http:\/\/godefroyjoaillier.com\/?page_id=25"},"modified":"2020-06-17T17:42:33","modified_gmt":"2020-06-17T15:42:33","slug":"collection-or","status":"publish","type":"page","link":"https:\/\/godefroyjoaillier.com\/index.php\/collection-or\/","title":{"rendered":"Collection Or"},"content":{"rendered":"\n<div style=\"height:100px\" aria-hidden=\"true\" class=\"wp-block-spacer\"><\/div>\n\n\n\n<p>L&rsquo;or est un m\u00e9tal noble que l&rsquo;homme a toujours affectionn\u00e9, les plus vielles traces remontent au V\u00e8me mill\u00e9naire avant J.C. Elles ont \u00e9t\u00e9 trouv\u00e9es sur les bords de la mer Noire. Les \u00e9gyptiens le consid\u00e9rait m\u00eame comme \u00ab\u00a0la chair des Dieux\u00a0\u00bb.<\/p>\n\n\n\n<p>Il peut \u00eatre de diff\u00e9rentes couleurs: jaune, gris, rose mais \u00e9galement vert ou bleu. Peu importe sa couleur,en France, l&rsquo;alliage comporte toujours le m\u00eame pourcentage d&rsquo;or pur : <\/p>\n\n\n\n<ul class=\"wp-block-list\"><li>75% pour l&rsquo;or 750 Milli\u00e8mes (anciennement le 18 carats)<\/li><li>37.5% pour l&rsquo;or 375 Milli\u00e8mes (anciennement le 9 carats)<\/li><\/ul>\n\n\n\n<p>Il est un or que j&rsquo;affectionne tout particuli\u00e8rement : L&rsquo;Or Rouge ! <\/p>\n\n\n\n<div style=\"height:100px\" aria-hidden=\"true\" class=\"wp-block-spacer\"><\/div>\n\n\n\n<p> <\/p>\n\n\n\n\n\t\t<!-- MasterSlider -->\n\t\t<div id=\"P_MS69df3d4d6f074\" class=\"master-slider-parent msl ms-parent-id-15\" style=\"max-width:700px;\">\n\n\t\t\t\n\t\t\t<!-- MasterSlider Main -->\n\t\t\t<div id=\"MS69df3d4d6f074\" class=\"master-slider ms-skin-default\" >\n\t\t\t\t \t\t\t\t \n\t\t\t\t<div  class=\"ms-slide\" data-delay=\"3\" data-fill-mode=\"fill\"  >\n\t\t\t\t\t<img decoding=\"async\" src=\"https:\/\/godefroyjoaillier.com\/wp-content\/plugins\/master-slider\/public\/assets\/css\/blank.gif\" alt=\"\" title=\"\" data-src=\"https:\/\/godefroyjoaillier.com\/wp-content\/uploads\/2020\/05\/bagueperleorrouge-scaled.jpg\" \/>\n\n\n\t<img decoding=\"async\" class=\"ms-thumb\" src=\"https:\/\/godefroyjoaillier.com\/wp-content\/uploads\/2020\/05\/bagueperleorrouge-scaled-140x80.jpg\" alt=\"\" \/>\n\t<div class=\"ms-thumb\" ><div class=\"ms-tab-context\"><div class=\"&quot;ms-tab-context&quot;\"><\/div><\/div>\n<\/div>\n\t\t\t\t<\/div>\n\t\t\t\t<div  class=\"ms-slide\" data-delay=\"3\" data-fill-mode=\"fill\"  >\n\t\t\t\t\t<img decoding=\"async\" src=\"https:\/\/godefroyjoaillier.com\/wp-content\/plugins\/master-slider\/public\/assets\/css\/blank.gif\" alt=\"\" title=\"\" data-src=\"https:\/\/godefroyjoaillier.com\/wp-content\/uploads\/2020\/05\/pucesorrouge-scaled.jpg\" \/>\n\n\n\t<img decoding=\"async\" class=\"ms-thumb\" src=\"https:\/\/godefroyjoaillier.com\/wp-content\/uploads\/2020\/05\/pucesorrouge-scaled-140x80.jpg\" alt=\"\" \/>\n\t<div class=\"ms-thumb\" ><div class=\"ms-tab-context\"><div class=\"&quot;ms-tab-context&quot;\"><\/div><\/div>\n<\/div>\n\t\t\t\t<\/div>\n\t\t\t\t<div  class=\"ms-slide\" data-delay=\"3\" data-fill-mode=\"fill\"  >\n\t\t\t\t\t<img decoding=\"async\" src=\"https:\/\/godefroyjoaillier.com\/wp-content\/plugins\/master-slider\/public\/assets\/css\/blank.gif\" alt=\"\" title=\"\" data-src=\"https:\/\/godefroyjoaillier.com\/wp-content\/uploads\/2020\/05\/collierspinellenoir-scaled.jpg\" \/>\n\n\n\t<img decoding=\"async\" class=\"ms-thumb\" src=\"https:\/\/godefroyjoaillier.com\/wp-content\/uploads\/2020\/05\/collierspinellenoir-scaled-140x80.jpg\" alt=\"\" \/>\n\t<div class=\"ms-thumb\" ><div class=\"ms-tab-context\"><div class=\"&quot;ms-tab-context&quot;\"><\/div><\/div>\n<\/div>\n\t\t\t\t<\/div>\n\t\t\t\t<div  class=\"ms-slide\" data-delay=\"3\" data-fill-mode=\"fill\"  >\n\t\t\t\t\t<img decoding=\"async\" src=\"https:\/\/godefroyjoaillier.com\/wp-content\/plugins\/master-slider\/public\/assets\/css\/blank.gif\" alt=\"\" title=\"\" data-src=\"https:\/\/godefroyjoaillier.com\/wp-content\/uploads\/2020\/05\/pendentifgoutteor-rouge-scaled.jpg\" \/>\n\n\n\t<img decoding=\"async\" class=\"ms-thumb\" src=\"https:\/\/godefroyjoaillier.com\/wp-content\/uploads\/2020\/05\/pendentifgoutteor-rouge-scaled-140x80.jpg\" alt=\"\" \/>\n\t<div class=\"ms-thumb\" ><div class=\"ms-tab-context\"><div class=\"&quot;ms-tab-context&quot;\"><\/div><\/div>\n<\/div>\n\t\t\t\t<\/div>\n\n\t\t\t<\/div>\n\t\t\t<!-- END MasterSlider Main -->\n\n\t\t\t \n\t\t<\/div>\n\t\t<!-- END MasterSlider -->\n\n\t\t<script>\n\t\t(function ( $ ) {\n\t\t\t\"use strict\";\n\n\t\t\t$(function () {\n\t\t\t\tvar masterslider_f074 = new MasterSlider();\n\n\t\t\t\t\/\/ slider controls\n\t\t\t\tmasterslider_f074.control('arrows'     ,{ autohide:false, overVideo:true  });\t\t\t\tmasterslider_f074.control('bullets'    ,{ autohide:false, overVideo:true, dir:'h', align:'bottom' , margin:10  });\n\n\t\t\t\tmasterslider_f074.control('thumblist'  ,{ autohide:false, overVideo:true, dir:'h', speed:17, inset:false, arrows:false, hover:false, customClass:'', align:'bottom',type:'thumbs', margin:5, width:140, height:80, space:5, fillMode:'fill'  });\n\t\t\t\t\/\/ slider setup\n\t\t\t\tmasterslider_f074.setup(\"MS69df3d4d6f074\", {\n\t\t\t\t\t\twidth           : 700,\n\t\t\t\t\t\theight          : 400,\n\t\t\t\t\t\tminHeight       : 0,\n\t\t\t\t\t\tspace           : 0,\n\t\t\t\t\t\tstart           : 1,\n\t\t\t\t\t\tgrabCursor      : true,\n\t\t\t\t\t\tswipe           : true,\n\t\t\t\t\t\tmouse           : true,\n\t\t\t\t\t\tlayout          : \"boxed\",\n\t\t\t\t\t\twheel           : false,\n\t\t\t\t\t\tautoplay        : false,\n\t\t\t\t\t\tinstantStartLayers:false,\n\t\t\t\t\t\tloop            : false,\n\t\t\t\t\t\tshuffle         : false,\n\t\t\t\t\t\tpreload         : 0,\n\t\t\t\t\t\theightLimit     : true,\n\t\t\t\t\t\tautoHeight      : false,\n\t\t\t\t\t\tsmoothHeight    : true,\n\t\t\t\t\t\tendPause        : false,\n\t\t\t\t\t\toverPause       : true,\n\t\t\t\t\t\tfillMode        : \"fill\",\n\t\t\t\t\t\tcenterControls  : true,\n\t\t\t\t\t\tstartOnAppear   : false,\n\t\t\t\t\t\tlayersMode      : \"center\",\n\t\t\t\t\t\thideLayers      : false,\n\t\t\t\t\t\tfullscreenMargin: 0,\n\t\t\t\t\t\tspeed           : 20,\n\t\t\t\t\t\tdir             : \"h\",\n\t\t\t\t\t\tparallaxMode    : 'swipe',\n\t\t\t\t\t\tview            : \"basic\"\n\t\t\t\t});\n\n\t\t\t\t\n\t\t\t\twindow.masterslider_instances = window.masterslider_instances || [];\n\t\t\t\twindow.masterslider_instances.push( masterslider_f074 );\n\t\t\t });\n\n\t\t})(jQuery);\n\t\t<\/script>\n\n\n","protected":false},"excerpt":{"rendered":"<p>L&rsquo;or est un m\u00e9tal noble que l&rsquo;homme a toujours affectionn\u00e9, les plus vielles traces remontent au V\u00e8me mill\u00e9naire avant J.C. Elles ont \u00e9t\u00e9 trouv\u00e9es sur les bords de la mer Noire. Les \u00e9gyptiens le consid\u00e9rait m\u00eame comme \u00ab\u00a0la chair des Dieux\u00a0\u00bb. Il peut \u00eatre de diff\u00e9rentes couleurs: jaune, gris, rose mais \u00e9galement vert ou bleu. &hellip; <\/p>\n","protected":false},"author":1,"featured_media":563,"parent":0,"menu_order":0,"comment_status":"closed","ping_status":"closed","template":"","meta":{"_uag_custom_page_level_css":"","footnotes":""},"class_list":["post-25","page","type-page","status-publish","has-post-thumbnail","hentry"],"uagb_featured_image_src":{"full":["https:\/\/godefroyjoaillier.com\/wp-content\/uploads\/2020\/06\/collier-or-rouge-e1592408515808.png",2000,325,false],"thumbnail":["https:\/\/godefroyjoaillier.com\/wp-content\/uploads\/2020\/06\/collier-or-rouge-e1592408515808-150x150.png",150,150,true],"medium":["https:\/\/godefroyjoaillier.com\/wp-content\/uploads\/2020\/06\/collier-or-rouge-e1592408515808-300x49.png",300,49,true],"medium_large":["https:\/\/godefroyjoaillier.com\/wp-content\/uploads\/2020\/06\/collier-or-rouge-e1592408515808-768x125.png",768,125,true],"large":["https:\/\/godefroyjoaillier.com\/wp-content\/uploads\/2020\/06\/collier-or-rouge-e1592408515808-1024x166.png",830,135,true],"post-slider-thumb-size":["https:\/\/godefroyjoaillier.com\/wp-content\/uploads\/2020\/06\/collier-or-rouge-e1592408515808-330x190.png",330,190,true],"post-category-slider-size":["https:\/\/godefroyjoaillier.com\/wp-content\/uploads\/2020\/06\/collier-or-rouge-e1592408515808.png",330,54,false],"1536x1536":["https:\/\/godefroyjoaillier.com\/wp-content\/uploads\/2020\/06\/collier-or-rouge-e1592408515808-1536x250.png",1536,250,true],"2048x2048":["https:\/\/godefroyjoaillier.com\/wp-content\/uploads\/2020\/06\/collier-or-rouge-e1592408515808.png",2000,325,false],"blossom-shop-schema":["https:\/\/godefroyjoaillier.com\/wp-content\/uploads\/2020\/06\/collier-or-rouge-e1592408515808-600x60.png",600,60,true],"blossom-shop-blog":["https:\/\/godefroyjoaillier.com\/wp-content\/uploads\/2020\/06\/collier-or-rouge-e1592408515808-829x325.png",829,325,true],"blossom-shop-blog-full":["https:\/\/godefroyjoaillier.com\/wp-content\/uploads\/2020\/06\/collier-or-rouge-e1592408515808-1220x325.png",1220,325,true],"blossom-shop-blog-list":["https:\/\/godefroyjoaillier.com\/wp-content\/uploads\/2020\/06\/collier-or-rouge-e1592408515808-398x297.png",398,297,true],"blossom-shop-slider":["https:\/\/godefroyjoaillier.com\/wp-content\/uploads\/2020\/06\/collier-or-rouge-e1592408515808-1751x325.png",1751,325,true],"blossom-shop-featured":["https:\/\/godefroyjoaillier.com\/wp-content\/uploads\/2020\/06\/collier-or-rouge-e1592408515808-860x325.png",860,325,true],"blossom-shop-recent":["https:\/\/godefroyjoaillier.com\/wp-content\/uploads\/2020\/06\/collier-or-rouge-e1592408515808-540x325.png",540,325,true]},"uagb_author_info":{"display_name":"admin4825","author_link":"https:\/\/godefroyjoaillier.com\/index.php\/author\/admin4825\/"},"uagb_comment_info":0,"uagb_excerpt":"L&rsquo;or est un m\u00e9tal noble que l&rsquo;homme a toujours affectionn\u00e9, les plus vielles traces remontent au V\u00e8me mill\u00e9naire avant J.C. Elles ont \u00e9t\u00e9 trouv\u00e9es sur les bords de la mer Noire. Les \u00e9gyptiens le consid\u00e9rait m\u00eame comme \u00ab\u00a0la chair des Dieux\u00a0\u00bb. Il peut \u00eatre de diff\u00e9rentes couleurs: jaune, gris, rose mais \u00e9galement vert ou bleu.\u2026","jetpack_sharing_enabled":true,"_links":{"self":[{"href":"https:\/\/godefroyjoaillier.com\/index.php\/wp-json\/wp\/v2\/pages\/25","targetHints":{"allow":["GET"]}}],"collection":[{"href":"https:\/\/godefroyjoaillier.com\/index.php\/wp-json\/wp\/v2\/pages"}],"about":[{"href":"https:\/\/godefroyjoaillier.com\/index.php\/wp-json\/wp\/v2\/types\/page"}],"author":[{"embeddable":true,"href":"https:\/\/godefroyjoaillier.com\/index.php\/wp-json\/wp\/v2\/users\/1"}],"replies":[{"embeddable":true,"href":"https:\/\/godefroyjoaillier.com\/index.php\/wp-json\/wp\/v2\/comments?post=25"}],"version-history":[{"count":5,"href":"https:\/\/godefroyjoaillier.com\/index.php\/wp-json\/wp\/v2\/pages\/25\/revisions"}],"predecessor-version":[{"id":570,"href":"https:\/\/godefroyjoaillier.com\/index.php\/wp-json\/wp\/v2\/pages\/25\/revisions\/570"}],"wp:featuredmedia":[{"embeddable":true,"href":"https:\/\/godefroyjoaillier.com\/index.php\/wp-json\/wp\/v2\/media\/563"}],"wp:attachment":[{"href":"https:\/\/godefroyjoaillier.com\/index.php\/wp-json\/wp\/v2\/media?parent=25"}],"curies":[{"name":"wp","href":"https:\/\/api.w.org\/{rel}","templated":true}]}}